{"id":248,"date":"2015-02-18T22:11:05","date_gmt":"2015-02-18T21:11:05","guid":{"rendered":"http:\/\/www.gyn-vas.cz\/?page_id=248"},"modified":"2019-05-29T18:53:04","modified_gmt":"2019-05-29T17:53:04","slug":"jak-nas-najdete","status":"publish","type":"page","link":"https:\/\/www.gyn-vas.cz\/?page_id=248","title":{"rendered":"Jak n\u00e1s najdete?"},"content":{"rendered":"<ul>\n<li><a title=\"K\u0159enov\u00e1 73, Brno - Mapy.cz\" href=\"http:\/\/www.mapy.cz\/zakladni?q=K%C5%99enov%C3%A1%20493%2F73%2C%20Brno&amp;l=0&amp;x=16.625519020178913&amp;y=49.19140942600035&amp;z=16\" target=\"_blank\" rel=\"noopener noreferrer\">Mapa<\/a><a class=\"highslide img_1\" href=\"https:\/\/www.gyn-vas.cz\/wp-content\/uploads\/Krenova-web.jpg\" onclick=\"return hs.expand(this)\"><img loading=\"lazy\" decoding=\"async\" class=\"alignright size-medium wp-image-521\" src=\"https:\/\/www.gyn-vas.cz\/wp-content\/uploads\/Krenova-web-300x225.jpg\" alt=\"\" width=\"300\" height=\"225\" srcset=\"https:\/\/www.gyn-vas.cz\/wp-content\/uploads\/Krenova-web-300x225.jpg 300w, https:\/\/www.gyn-vas.cz\/wp-content\/uploads\/Krenova-web-768x576.jpg 768w, https:\/\/www.gyn-vas.cz\/wp-content\/uploads\/Krenova-web-1024x768.jpg 1024w, https:\/\/www.gyn-vas.cz\/wp-content\/uploads\/Krenova-web-624x468.jpg 624w, https:\/\/www.gyn-vas.cz\/wp-content\/uploads\/Krenova-web.jpg 1280w\" sizes=\"(max-width: 300px) 100vw, 300px\" \/><\/a><\/li>\n<li><strong>ambulance s\u00eddl\u00ed ve 4. pat\u0159e budovy \u010d. 73 s bezbari\u00e9rov\u00fdm vstupem a v\u00fdtahem<\/strong> (vchod vedle prodejny potravin &#8222;\u017dabka&#8220;, d\u0159\u00edve &#8222;Billa&#8220;).<\/li>\n<li>vstupn\u00ed dve\u0159e budovy jsou zam\u010den\u00e9, po zad\u00e1n\u00ed k\u00f3du pro na\u0161i ambulanci &#8211; <strong><span style=\"color: #800000;\"><em>pozor, nov\u011b je k\u00f3d 150<\/em> <\/span><\/strong>&#8211; v\u00e1m asistentka d\u00e1lkov\u011b otev\u0159e. Po zazn\u011bn\u00ed sign\u00e1lu otev\u00edrejte dve\u0159e.<\/li>\n<li>MHD: tramvaje \u010d.\u00a08, 10 nebo 12 z Hlavn\u00edho n\u00e1dra\u017e\u00ed sm\u011brem do L\u00ed\u0161n\u011b nebo Juli\u00e1nova, vystoupit na zast\u00e1vce Masn\u00e1 (2. zast\u00e1vka), rohov\u00e1 budova asi 30m zp\u011bt do m\u011bsta.<\/li>\n<li><strong>autem: parkovat<\/strong> lze v podzemn\u00edch gar\u00e1\u017e\u00edch, maxim\u00e1ln\u011b 1 hodinu zdarma, vjezd z vedlej\u0161\u00ed budovy K\u0159enov\u00e1 71 (prosklen\u00e1 budova s l\u00e9k\u00e1rnou). Z\u00e1voru v\u00e1m otev\u0159eme po zad\u00e1n\u00ed k\u00f3du na\u0161\u00ed ambulance &#8211; &#8222;150&#8220; a zvone\u010dek. V gar\u00e1\u017e\u00edch sledujte cedule kter\u00e9 v\u00e1s navedou na parkovac\u00ed m\u00edsta &#8222;host\u00e9&#8220;. Je pot\u0159eba d\u00e1t pozor na v\u00fdtah &#8211; z gar\u00e1\u017e\u00ed vedou jak do budovy \u010d. 71, tak k n\u00e1m do budovy \u010d. 73 (v\u00fdtah v nejza\u017e\u0161\u00ed \u010d\u00e1sti gar\u00e1\u017e\u00ed). P\u0159\u00edpadn\u011b mo\u017eno parkovat v okoln\u00edch ulic\u00edch, nejl\u00e9pe v ulici Masn\u00e1. Za kancel\u00e1\u0159skou budovou &#8222;U Zderada&#8220; je v\u011bt\u0161\u00ed parkovi\u0161t\u011b.<\/li>\n<\/ul>\n","protected":false},"excerpt":{"rendered":"<p>Mapa ambulance s\u00eddl\u00ed ve 4. pat\u0159e budovy \u010d. 73 s bezbari\u00e9rov\u00fdm vstupem a v\u00fdtahem (vchod vedle prodejny potravin &#8222;\u017dabka&#8220;, d\u0159\u00edve &#8222;Billa&#8220;). vstupn\u00ed dve\u0159e budovy jsou zam\u010den\u00e9, po zad\u00e1n\u00ed k\u00f3du pro na\u0161i ambulanci &#8211; pozor, nov\u011b je k\u00f3d 150 &#8211; v\u00e1m asistentka d\u00e1lkov\u011b otev\u0159e. Po zazn\u011bn\u00ed sign\u00e1lu otev\u00edrejte dve\u0159e. MHD: tramvaje \u010d.\u00a08, 10 nebo 12 z [&hellip;]<\/p>\n","protected":false},"author":1,"featured_media":0,"parent":0,"menu_order":0,"comment_status":"closed","ping_status":"open","template":"","meta":{"footnotes":""},"class_list":["post-248","page","type-page","status-publish","hentry"],"_links":{"self":[{"href":"https:\/\/www.gyn-vas.cz\/index.php?rest_route=\/wp\/v2\/pages\/248"}],"collection":[{"href":"https:\/\/www.gyn-vas.cz\/index.php?rest_route=\/wp\/v2\/pages"}],"about":[{"href":"https:\/\/www.gyn-vas.cz\/index.php?rest_route=\/wp\/v2\/types\/page"}],"author":[{"embeddable":true,"href":"https:\/\/www.gyn-vas.cz\/index.php?rest_route=\/wp\/v2\/users\/1"}],"replies":[{"embeddable":true,"href":"https:\/\/www.gyn-vas.cz\/index.php?rest_route=%2Fwp%2Fv2%2Fcomments&post=248"}],"version-history":[{"count":18,"href":"https:\/\/www.gyn-vas.cz\/index.php?rest_route=\/wp\/v2\/pages\/248\/revisions"}],"predecessor-version":[{"id":541,"href":"https:\/\/www.gyn-vas.cz\/index.php?rest_route=\/wp\/v2\/pages\/248\/revisions\/541"}],"wp:attachment":[{"href":"https:\/\/www.gyn-vas.cz\/index.php?rest_route=%2Fwp%2Fv2%2Fmedia&parent=248"}],"curies":[{"name":"wp","href":"https:\/\/api.w.org\/{rel}","templated":true}]}}