{"id":78,"date":"2013-01-27T19:26:44","date_gmt":"2013-01-27T18:26:44","guid":{"rendered":"http:\/\/www.gyn-vas.cz\/?page_id=78"},"modified":"2019-04-01T18:53:32","modified_gmt":"2019-04-01T17:53:32","slug":"provozni-informace","status":"publish","type":"page","link":"https:\/\/www.gyn-vas.cz\/?page_id=78","title":{"rendered":"Provozn\u00ed informace"},"content":{"rendered":"<div>\n<div>\n<hr \/>\n<p>V souvislosti se zm\u011bnou ob\u010dansk\u00e9ho z\u00e1kon\u00edku je op\u011bt vy\u017eadov\u00e1n souhlas z\u00e1konn\u00e9ho z\u00e1stupce pro o\u0161et\u0159en\u00ed nezletil\u00e9ho pacienta. Tento je k dispozici zde &#8222;<a href=\"https:\/\/www.gyn-vas.cz\/wp-content\/uploads\/Souhlas-z\u00e1konn\u00e9ho-z\u00e1stupce-nezletil\u00e9ho-pacienta-star\u0161\u00edho-15ti-let.doc\">Souhlas z\u00e1konn\u00e9ho z\u00e1stupce nezletil\u00e9ho pacienta star\u0161\u00edho 15ti let&#8220;<\/a>.<\/p>\n<\/div>\n<div><\/div>\n<div><\/div>\n<div><\/div>\n<div><ins datetime=\"2013-04-21T18:22:49+00:00\">28.4.2014<\/ins><\/div>\n<hr \/>\n<p>P\u0159id\u00e1ny n\u00e1sleduj\u00edc\u00ed dokumenty:<\/p>\n<ul>\n<li><a href=\"https:\/\/www.gyn-vas.cz\/wp-content\/uploads\/Pou\u010den\u00ed-o-zaveden\u00ed-nitrod\u011blo\u017en\u00edho-t\u011bl\u00edska.doc\">Pou\u010den\u00ed o zaveden\u00ed nitrod\u011blo\u017en\u00edho t\u011bl\u00edska<\/a><\/li>\n<li><a href=\"https:\/\/www.gyn-vas.cz\/wp-content\/uploads\/Souhlas-se-zavedenim-nitrodelozniho-teliska.doc\">Pou\u010den\u00ed o zaveden\u00ed Mireny<\/a><\/li>\n<\/ul>\n<p><ins datetime=\"2013-04-21T20:24:58+00:00\">21.4.2013<\/ins><\/p>\n<\/div>\n<hr \/>\n<div><strong>Smlouvy se\u00a0zdravotn\u00edmi poji\u0161\u0165ovnami<\/strong>: 111 (VZP), 201 (VoZP), 205 (\u010cPZP), 207 (OZP), 211 (ZP MV \u010cR), 213 (RBP)<\/div>\n<div><\/div>\n<div><ins datetime=\"2011-05-16T18:20:01+00:00\">16.5.2011<\/ins><\/div>\n","protected":false},"excerpt":{"rendered":"<p>V souvislosti se zm\u011bnou ob\u010dansk\u00e9ho z\u00e1kon\u00edku je op\u011bt vy\u017eadov\u00e1n souhlas z\u00e1konn\u00e9ho z\u00e1stupce pro o\u0161et\u0159en\u00ed nezletil\u00e9ho pacienta. Tento je k dispozici zde &#8222;Souhlas z\u00e1konn\u00e9ho z\u00e1stupce nezletil\u00e9ho pacienta star\u0161\u00edho 15ti let&#8220;. 28.4.2014 P\u0159id\u00e1ny n\u00e1sleduj\u00edc\u00ed dokumenty: Pou\u010den\u00ed o zaveden\u00ed nitrod\u011blo\u017en\u00edho t\u011bl\u00edska Pou\u010den\u00ed o zaveden\u00ed Mireny 21.4.2013 Smlouvy se\u00a0zdravotn\u00edmi poji\u0161\u0165ovnami: 111 (VZP), 201 (VoZP), 205 (\u010cPZP), 207 (OZP), 211 [&hellip;]<\/p>\n","protected":false},"author":1,"featured_media":0,"parent":0,"menu_order":0,"comment_status":"closed","ping_status":"open","template":"","meta":{"footnotes":""},"class_list":["post-78","page","type-page","status-publish","hentry"],"_links":{"self":[{"href":"https:\/\/www.gyn-vas.cz\/index.php?rest_route=\/wp\/v2\/pages\/78"}],"collection":[{"href":"https:\/\/www.gyn-vas.cz\/index.php?rest_route=\/wp\/v2\/pages"}],"about":[{"href":"https:\/\/www.gyn-vas.cz\/index.php?rest_route=\/wp\/v2\/types\/page"}],"author":[{"embeddable":true,"href":"https:\/\/www.gyn-vas.cz\/index.php?rest_route=\/wp\/v2\/users\/1"}],"replies":[{"embeddable":true,"href":"https:\/\/www.gyn-vas.cz\/index.php?rest_route=%2Fwp%2Fv2%2Fcomments&post=78"}],"version-history":[{"count":16,"href":"https:\/\/www.gyn-vas.cz\/index.php?rest_route=\/wp\/v2\/pages\/78\/revisions"}],"predecessor-version":[{"id":527,"href":"https:\/\/www.gyn-vas.cz\/index.php?rest_route=\/wp\/v2\/pages\/78\/revisions\/527"}],"wp:attachment":[{"href":"https:\/\/www.gyn-vas.cz\/index.php?rest_route=%2Fwp%2Fv2%2Fmedia&parent=78"}],"curies":[{"name":"wp","href":"https:\/\/api.w.org\/{rel}","templated":true}]}}