{"id":8,"date":"2012-12-30T16:29:29","date_gmt":"2012-12-30T15:29:29","guid":{"rendered":"http:\/\/gyn-vas.cz\/?page_id=8"},"modified":"2022-04-06T10:00:48","modified_gmt":"2022-04-06T09:00:48","slug":"ordinacni-hodiny","status":"publish","type":"page","link":"https:\/\/www.gyn-vas.cz\/?page_id=8","title":{"rendered":"Ordina\u010dn\u00ed hodiny"},"content":{"rendered":"<div id=\"text\">\n<p><span style=\"color: #800000;\"><span style=\"font-size: X-large;\"><br \/>\nV sou\u010dasn\u00e9 chv\u00edli o\u0161et\u0159ujeme JEN P\u0158EDEM TELEFONICKY DOMLUVEN\u00c9 PACIENTKY. I v p\u0159\u00edpad\u011b akutn\u00edch obt\u00ed\u017e\u00ed n\u00e1m nejprve zavolejte!<\/span><\/span><br \/>\n<a class=\"highslide img_1\" href=\"https:\/\/www.gyn-vas.cz\/wp-content\/uploads\/IMG_20210102_102119_web.jpg\" onclick=\"return hs.expand(this)\"><img loading=\"lazy\" decoding=\"async\" class=\"alignright wp-image-734 size-medium\" src=\"https:\/\/www.gyn-vas.cz\/wp-content\/uploads\/IMG_20210102_102119_web-300x225.jpg\" alt=\"\u010dek\u00e1rna\" width=\"300\" height=\"225\" srcset=\"https:\/\/www.gyn-vas.cz\/wp-content\/uploads\/IMG_20210102_102119_web-300x225.jpg 300w, https:\/\/www.gyn-vas.cz\/wp-content\/uploads\/IMG_20210102_102119_web-1024x767.jpg 1024w, https:\/\/www.gyn-vas.cz\/wp-content\/uploads\/IMG_20210102_102119_web-768x575.jpg 768w, https:\/\/www.gyn-vas.cz\/wp-content\/uploads\/IMG_20210102_102119_web-624x468.jpg 624w, https:\/\/www.gyn-vas.cz\/wp-content\/uploads\/IMG_20210102_102119_web.jpg 1280w\" sizes=\"(max-width: 300px) 100vw, 300px\" \/><\/a><\/p>\n<div>\n<p>Ordina\u010dn\u00ed hodiny platn\u00e9 od 4. ledna 2021, ordinuje MUDr. Va\u0161inov\u00e1<\/p>\n<table style=\"width: 50%; height: 186px;\">\n<tbody>\n<tr>\n<td style=\"width: 20%;\">Pond\u011bl\u00ed<\/td>\n<td style=\"width: 26%;\">8:00 &#8211; 12:00<\/td>\n<td style=\"width: 94%;\">13:00 &#8211; 15:00<\/td>\n<\/tr>\n<tr>\n<td style=\"width: 20%;\">\u00dater\u00fd<\/td>\n<td style=\"width: 26%;\">8:00 &#8211; 12:00<\/td>\n<td style=\"width: 94%;\">13:00 &#8211; 15:30<\/td>\n<\/tr>\n<tr>\n<td style=\"width: 20%;\">St\u0159eda<\/td>\n<td style=\"width: 26%;\">11:00 &#8211; 12:00 jen pozvan\u00e9<\/td>\n<td style=\"width: 94%;\">12:30 &#8211; 18:00<\/td>\n<\/tr>\n<tr>\n<td style=\"width: 20%;\">\u010ctvrtek<\/td>\n<td style=\"width: 26%;\">8:00 &#8211; 13:30<\/td>\n<td style=\"width: 94%;\"><\/td>\n<\/tr>\n<tr>\n<td style=\"width: 20%;\">P\u00e1tek<\/td>\n<td style=\"width: 26%;\">7:00 &#8211; 12:00<\/td>\n<td style=\"width: 94%;\"><\/td>\n<\/tr>\n<\/tbody>\n<\/table>\n<p><b>Poledn\u00ed pauza: 12:00 &#8211; 13:00.<\/b><\/p>\n<\/div>\n<\/div>\n","protected":false},"excerpt":{"rendered":"<p>V sou\u010dasn\u00e9 chv\u00edli o\u0161et\u0159ujeme JEN P\u0158EDEM TELEFONICKY DOMLUVEN\u00c9 PACIENTKY. I v p\u0159\u00edpad\u011b akutn\u00edch obt\u00ed\u017e\u00ed n\u00e1m nejprve zavolejte! Ordina\u010dn\u00ed hodiny platn\u00e9 od 4. ledna 2021, ordinuje MUDr. Va\u0161inov\u00e1 Pond\u011bl\u00ed 8:00 &#8211; 12:00 13:00 &#8211; 15:00 \u00dater\u00fd 8:00 &#8211; 12:00 13:00 &#8211; 15:30 St\u0159eda 11:00 &#8211; 12:00 jen pozvan\u00e9 12:30 &#8211; 18:00 \u010ctvrtek 8:00 &#8211; 13:30 P\u00e1tek [&hellip;]<\/p>\n","protected":false},"author":1,"featured_media":0,"parent":0,"menu_order":0,"comment_status":"open","ping_status":"open","template":"","meta":{"footnotes":""},"class_list":["post-8","page","type-page","status-publish","hentry"],"_links":{"self":[{"href":"https:\/\/www.gyn-vas.cz\/index.php?rest_route=\/wp\/v2\/pages\/8"}],"collection":[{"href":"https:\/\/www.gyn-vas.cz\/index.php?rest_route=\/wp\/v2\/pages"}],"about":[{"href":"https:\/\/www.gyn-vas.cz\/index.php?rest_route=\/wp\/v2\/types\/page"}],"author":[{"embeddable":true,"href":"https:\/\/www.gyn-vas.cz\/index.php?rest_route=\/wp\/v2\/users\/1"}],"replies":[{"embeddable":true,"href":"https:\/\/www.gyn-vas.cz\/index.php?rest_route=%2Fwp%2Fv2%2Fcomments&post=8"}],"version-history":[{"count":37,"href":"https:\/\/www.gyn-vas.cz\/index.php?rest_route=\/wp\/v2\/pages\/8\/revisions"}],"predecessor-version":[{"id":833,"href":"https:\/\/www.gyn-vas.cz\/index.php?rest_route=\/wp\/v2\/pages\/8\/revisions\/833"}],"wp:attachment":[{"href":"https:\/\/www.gyn-vas.cz\/index.php?rest_route=%2Fwp%2Fv2%2Fmedia&parent=8"}],"curies":[{"name":"wp","href":"https:\/\/api.w.org\/{rel}","templated":true}]}}